{"id":17,"date":"2025-03-05T11:25:10","date_gmt":"2025-03-05T11:25:10","guid":{"rendered":"https:\/\/aislamientossebito.com\/?page_id=17"},"modified":"2025-11-10T11:33:40","modified_gmt":"2025-11-10T11:33:40","slug":"contacto-aislamientos-palencia","status":"publish","type":"page","link":"https:\/\/aislamientossebito.com\/en\/contacto-aislamientos-palencia\/","title":{"rendered":"Contact"},"content":{"rendered":"\t\t<div data-elementor-type=\"wp-page\" data-elementor-id=\"17\" class=\"elementor elementor-17\" data-elementor-post-type=\"page\">\n\t\t\t\t<div class=\"elementor-element elementor-element-bc01643 e-flex e-con-boxed e-con e-parent\" data-id=\"bc01643\" data-element_type=\"container\" data-settings=\"{&quot;background_background&quot;:&quot;classic&quot;}\">\n\t\t\t\t\t<div class=\"e-con-inner\">\n\t\t\t\t<div class=\"elementor-element elementor-element-ed1d392 elementor-invisible elementor-widget elementor-widget-heading\" data-id=\"ed1d392\" data-element_type=\"widget\" data-settings=\"{&quot;_animation&quot;:&quot;zoomIn&quot;}\" data-widget_type=\"heading.default\">\n\t\t\t\t<div class=\"elementor-widget-container\">\n\t\t\t\t\t<h1 class=\"elementor-heading-title elementor-size-default\">Contacto<\/h1>\t\t\t\t<\/div>\n\t\t\t\t<\/div>\n\t\t\t\t\t<\/div>\n\t\t\t\t<\/div>\n\t\t<div class=\"elementor-element elementor-element-08e155b e-flex e-con-boxed e-con e-parent\" data-id=\"08e155b\" data-element_type=\"container\" data-settings=\"{&quot;background_background&quot;:&quot;classic&quot;}\">\n\t\t\t\t\t<div class=\"e-con-inner\">\n\t\t<div class=\"elementor-element elementor-element-cabbbd0 e-con-full e-flex e-con e-child\" data-id=\"cabbbd0\" data-element_type=\"container\">\n\t\t<div class=\"elementor-element elementor-element-91863a3 e-con-full e-flex e-con e-child\" data-id=\"91863a3\" data-element_type=\"container\">\n\t\t\t\t<div class=\"elementor-element elementor-element-f1cc015 elementor-widget__width-initial elementor-widget elementor-widget-text-editor\" data-id=\"f1cc015\" data-element_type=\"widget\" data-widget_type=\"text-editor.default\">\n\t\t\t\t<div class=\"elementor-widget-container\">\n\t\t\t\t\t\t\t\t\t<p>Ubicaci\u00f3n<\/p>\t\t\t\t\t\t\t\t<\/div>\n\t\t\t\t<\/div>\n\t\t\t\t<div class=\"elementor-element elementor-element-2806e29 elementor-widget__width-initial elementor-widget elementor-widget-google_maps\" data-id=\"2806e29\" data-element_type=\"widget\" data-widget_type=\"google_maps.default\">\n\t\t\t\t<div class=\"elementor-widget-container\">\n\t\t\t\t\t\t\t<div class=\"elementor-custom-embed\">\n\t\t\t<iframe loading=\"lazy\"\n\t\t\t\t\tsrc=\"https:\/\/maps.google.com\/maps?q=c.%20anacleto%20orejon&#038;t=m&#038;z=18&#038;output=embed&#038;iwloc=near\"\n\t\t\t\t\ttitle=\"c. anacleto orejon\"\n\t\t\t\t\taria-label=\"c. anacleto orejon\"\n\t\t\t><\/iframe>\n\t\t<\/div>\n\t\t\t\t\t\t<\/div>\n\t\t\t\t<\/div>\n\t\t\t\t<\/div>\n\t\t<div class=\"elementor-element elementor-element-39045bc e-con-full e-flex e-con e-child\" data-id=\"39045bc\" data-element_type=\"container\">\n\t\t\t\t<div class=\"elementor-element elementor-element-01f5b02 elementor-widget__width-initial elementor-widget elementor-widget-text-editor\" data-id=\"01f5b02\" data-element_type=\"widget\" data-widget_type=\"text-editor.default\">\n\t\t\t\t<div class=\"elementor-widget-container\">\n\t\t\t\t\t\t\t\t\t<p>Formulario de Contacto<\/p>\t\t\t\t\t\t\t\t<\/div>\n\t\t\t\t<\/div>\n\t\t\t\t<div class=\"elementor-element elementor-element-621db2b formulario elementor-button-align-stretch elementor-widget elementor-widget-global elementor-global-126 elementor-widget-form\" data-id=\"621db2b\" data-element_type=\"widget\" data-settings=\"{&quot;step_next_label&quot;:&quot;Next&quot;,&quot;step_previous_label&quot;:&quot;Previous&quot;,&quot;button_width&quot;:&quot;100&quot;,&quot;step_type&quot;:&quot;number_text&quot;,&quot;step_icon_shape&quot;:&quot;circle&quot;}\" data-widget_type=\"form.default\">\n\t\t\t\t<div class=\"elementor-widget-container\">\n\t\t\t\t\t\t\t<form class=\"elementor-form\" method=\"post\" name=\"Contacto\">\n\t\t\t<input type=\"hidden\" name=\"post_id\" value=\"17\"\/>\n\t\t\t<input type=\"hidden\" name=\"form_id\" value=\"621db2b\"\/>\n\t\t\t<input type=\"hidden\" name=\"referer_title\" value=\"Aislamientos Eusebio\" \/>\n\n\t\t\t\n\t\t\t<div class=\"elementor-form-fields-wrapper elementor-labels-\">\n\t\t\t\t\t\t\t\t<div class=\"elementor-field-type-text elementor-field-group elementor-column elementor-field-group-name elementor-col-100\">\n\t\t\t\t\t\t\t\t\t\t\t\t<label for=\"form-field-name\" class=\"elementor-field-label elementor-screen-only\">\n\t\t\t\t\t\t\t\tName\t\t\t\t\t\t\t<\/label>\n\t\t\t\t\t\t\t\t\t\t\t\t\t\t<input size=\"1\" type=\"text\" name=\"form_fields[name]\" id=\"form-field-name\" class=\"elementor-field elementor-size-sm  elementor-field-textual\" placeholder=\"Name\">\n\t\t\t\t\t\t\t\t\t\t\t<\/div>\n\t\t\t\t\t\t\t\t<div class=\"elementor-field-type-email elementor-field-group elementor-column elementor-field-group-email elementor-col-100 elementor-field-required\">\n\t\t\t\t\t\t\t\t\t\t\t\t<label for=\"form-field-email\" class=\"elementor-field-label elementor-screen-only\">\n\t\t\t\t\t\t\t\tEmail\t\t\t\t\t\t\t<\/label>\n\t\t\t\t\t\t\t\t\t\t\t\t\t\t<input size=\"1\" type=\"email\" name=\"form_fields[email]\" id=\"form-field-email\" class=\"elementor-field elementor-size-sm  elementor-field-textual\" placeholder=\"Email\" required=\"required\">\n\t\t\t\t\t\t\t\t\t\t\t<\/div>\n\t\t\t\t\t\t\t\t<div class=\"elementor-field-type-tel elementor-field-group elementor-column elementor-field-group-field_3a708a8 elementor-col-100 elementor-field-required\">\n\t\t\t\t\t\t\t\t\t\t\t\t<label for=\"form-field-field_3a708a8\" class=\"elementor-field-label elementor-screen-only\">\n\t\t\t\t\t\t\t\tTel\u00e9fono\t\t\t\t\t\t\t<\/label>\n\t\t\t\t\t\t\t\t<input size=\"1\" type=\"tel\" name=\"form_fields[field_3a708a8]\" id=\"form-field-field_3a708a8\" class=\"elementor-field elementor-size-sm  elementor-field-textual\" placeholder=\"Tel\u00e9fono\" required=\"required\" pattern=\"[0-9()#&amp;+*-=.]+\" title=\"Only numbers and phone characters (#, -, *, etc) are accepted.\">\n\n\t\t\t\t\t\t<\/div>\n\t\t\t\t\t\t\t\t<div class=\"elementor-field-type-textarea elementor-field-group elementor-column elementor-field-group-message elementor-col-100\">\n\t\t\t\t\t\t\t\t\t\t\t\t<label for=\"form-field-message\" class=\"elementor-field-label elementor-screen-only\">\n\t\t\t\t\t\t\t\tMessage\t\t\t\t\t\t\t<\/label>\n\t\t\t\t\t\t<textarea class=\"elementor-field-textual elementor-field  elementor-size-sm\" name=\"form_fields[message]\" id=\"form-field-message\" rows=\"4\" placeholder=\"Message\"><\/textarea>\t\t\t\t<\/div>\n\t\t\t\t\t\t\t\t<div class=\"elementor-field-type-acceptance elementor-field-group elementor-column elementor-field-group-field_2d55a55 elementor-col-100 elementor-field-required\">\n\t\t\t\t\t\t\t<div class=\"elementor-field-subgroup\">\n\t\t\t<span class=\"elementor-field-option\">\n\t\t\t\t<input type=\"checkbox\" name=\"form_fields[field_2d55a55]\" id=\"form-field-field_2d55a55\" class=\"elementor-field elementor-size-sm  elementor-acceptance-field\" required=\"required\">\n\t\t\t\t<label for=\"form-field-field_2d55a55\">He le\u00eddo y acepto la <a style=\"color:#000;font-weight: bold;\"  href=\"https:\/\/aislamientossebito.com\/politica-de-privacidad\" target=\"_blank\">pol\u00edtica de privacidad<a><\/a><\/label>\t\t\t<\/span>\n\t\t<\/div>\n\t\t\t\t\t\t<\/div>\n\t\t\t\t\t\t\t\t<div class=\"elementor-field-type-recaptcha elementor-field-group elementor-column elementor-field-group-field_03d2722 elementor-col-100\">\n\t\t\t\t\t<div class=\"elementor-field\" id=\"form-field-field_03d2722\"><div class=\"elementor-g-recaptcha\" data-sitekey=\"6LdwcOoqAAAAAHUxcLk8NejCTOZELQSDWaOtbG01\" data-type=\"v2_checkbox\" data-theme=\"light\" data-size=\"normal\"><\/div><\/div>\t\t\t\t<\/div>\n\t\t\t\t\t\t\t\t<div class=\"elementor-field-group elementor-column elementor-field-type-submit elementor-col-100 e-form__buttons\">\n\t\t\t\t\t<button class=\"elementor-button elementor-size-sm\" type=\"submit\">\n\t\t\t\t\t\t<span class=\"elementor-button-content-wrapper\">\n\t\t\t\t\t\t\t\t\t\t\t\t\t\t\t\t\t\t\t\t\t\t<span class=\"elementor-button-text\">Enviar<\/span>\n\t\t\t\t\t\t\t\t\t\t\t\t\t<\/span>\n\t\t\t\t\t<\/button>\n\t\t\t\t<\/div>\n\t\t\t<\/div>\n\t\t<\/form>\n\t\t\t\t\t\t<\/div>\n\t\t\t\t<\/div>\n\t\t\t\t<\/div>\n\t\t\t\t<\/div>\n\t\t<div class=\"elementor-element elementor-element-710b813 e-con-full e-flex e-con e-child\" data-id=\"710b813\" data-element_type=\"container\">\n\t\t\t\t<div class=\"elementor-element elementor-element-86b7706 elementor-view-default elementor-position-top elementor-mobile-position-top elementor-widget elementor-widget-icon-box\" data-id=\"86b7706\" data-element_type=\"widget\" data-widget_type=\"icon-box.default\">\n\t\t\t\t<div class=\"elementor-widget-container\">\n\t\t\t\t\t\t\t<div class=\"elementor-icon-box-wrapper\">\n\n\t\t\t\t\t\t<div class=\"elementor-icon-box-icon\">\n\t\t\t\t<span  class=\"elementor-icon\">\n\t\t\t\t<svg aria-hidden=\"true\" class=\"e-font-icon-svg e-far-envelope\" viewBox=\"0 0 512 512\" xmlns=\"http:\/\/www.w3.org\/2000\/svg\"><path d=\"M464 64H48C21.49 64 0 85.49 0 112v288c0 26.51 21.49 48 48 48h416c26.51 0 48-21.49 48-48V112c0-26.51-21.49-48-48-48zm0 48v40.805c-22.422 18.259-58.168 46.651-134.587 106.49-16.841 13.247-50.201 45.072-73.413 44.701-23.208.375-56.579-31.459-73.413-44.701C106.18 199.465 70.425 171.067 48 152.805V112h416zM48 400V214.398c22.914 18.251 55.409 43.862 104.938 82.646 21.857 17.205 60.134 55.186 103.062 54.955 42.717.231 80.509-37.199 103.053-54.947 49.528-38.783 82.032-64.401 104.947-82.653V400H48z\"><\/path><\/svg>\t\t\t\t<\/span>\n\t\t\t<\/div>\n\t\t\t\n\t\t\t\t\t\t<div class=\"elementor-icon-box-content\">\n\n\t\t\t\t\t\t\t\t\t<h2 class=\"elementor-icon-box-title\">\n\t\t\t\t\t\t<span  >\n\t\t\t\t\t\t\tinfo@aislamientossebito.com<br><br>vrsebito@hotmail.es\t\t\t\t\t\t<\/span>\n\t\t\t\t\t<\/h2>\n\t\t\t\t\n\t\t\t\t\n\t\t\t<\/div>\n\t\t\t\n\t\t<\/div>\n\t\t\t\t\t\t<\/div>\n\t\t\t\t<\/div>\n\t\t\t\t<div class=\"elementor-element elementor-element-a53b3ab elementor-view-default elementor-position-top elementor-mobile-position-top elementor-widget elementor-widget-icon-box\" data-id=\"a53b3ab\" data-element_type=\"widget\" data-widget_type=\"icon-box.default\">\n\t\t\t\t<div class=\"elementor-widget-container\">\n\t\t\t\t\t\t\t<div class=\"elementor-icon-box-wrapper\">\n\n\t\t\t\t\t\t<div class=\"elementor-icon-box-icon\">\n\t\t\t\t<a href=\"https:\/\/api.whatsapp.com\/send\/?phone=34650494114&#038;text&#038;type=phone_number&#038;app_absent=0\" class=\"elementor-icon\" tabindex=\"-1\" aria-label=\"650 494 114\">\n\t\t\t\t<svg aria-hidden=\"true\" class=\"e-font-icon-svg e-fab-whatsapp-square\" viewBox=\"0 0 448 512\" xmlns=\"http:\/\/www.w3.org\/2000\/svg\"><path d=\"M224 122.8c-72.7 0-131.8 59.1-131.9 131.8 0 24.9 7 49.2 20.2 70.1l3.1 5-13.3 48.6 49.9-13.1 4.8 2.9c20.2 12 43.4 18.4 67.1 18.4h.1c72.6 0 133.3-59.1 133.3-131.8 0-35.2-15.2-68.3-40.1-93.2-25-25-58-38.7-93.2-38.7zm77.5 188.4c-3.3 9.3-19.1 17.7-26.7 18.8-12.6 1.9-22.4.9-47.5-9.9-39.7-17.2-65.7-57.2-67.7-59.8-2-2.6-16.2-21.5-16.2-41s10.2-29.1 13.9-33.1c3.6-4 7.9-5 10.6-5 2.6 0 5.3 0 7.6.1 2.4.1 5.7-.9 8.9 6.8 3.3 7.9 11.2 27.4 12.2 29.4s1.7 4.3.3 6.9c-7.6 15.2-15.7 14.6-11.6 21.6 15.3 26.3 30.6 35.4 53.9 47.1 4 2 6.3 1.7 8.6-1 2.3-2.6 9.9-11.6 12.5-15.5 2.6-4 5.3-3.3 8.9-2 3.6 1.3 23.1 10.9 27.1 12.9s6.6 3 7.6 4.6c.9 1.9.9 9.9-2.4 19.1zM400 32H48C21.5 32 0 53.5 0 80v352c0 26.5 21.5 48 48 48h352c26.5 0 48-21.5 48-48V80c0-26.5-21.5-48-48-48zM223.9 413.2c-26.6 0-52.7-6.7-75.8-19.3L64 416l22.5-82.2c-13.9-24-21.2-51.3-21.2-79.3C65.4 167.1 136.5 96 223.9 96c42.4 0 82.2 16.5 112.2 46.5 29.9 30 47.9 69.8 47.9 112.2 0 87.4-72.7 158.5-160.1 158.5z\"><\/path><\/svg>\t\t\t\t<\/a>\n\t\t\t<\/div>\n\t\t\t\n\t\t\t\t\t\t<div class=\"elementor-icon-box-content\">\n\n\t\t\t\t\t\t\t\t\t<h2 class=\"elementor-icon-box-title\">\n\t\t\t\t\t\t<a href=\"https:\/\/api.whatsapp.com\/send\/?phone=34650494114&#038;text&#038;type=phone_number&#038;app_absent=0\" >\n\t\t\t\t\t\t\t650 494 114\t\t\t\t\t\t<\/a>\n\t\t\t\t\t<\/h2>\n\t\t\t\t\n\t\t\t\t\n\t\t\t<\/div>\n\t\t\t\n\t\t<\/div>\n\t\t\t\t\t\t<\/div>\n\t\t\t\t<\/div>\n\t\t\t\t<div class=\"elementor-element elementor-element-c5e2476 elementor-view-default elementor-position-top elementor-mobile-position-top elementor-widget elementor-widget-icon-box\" data-id=\"c5e2476\" data-element_type=\"widget\" data-widget_type=\"icon-box.default\">\n\t\t\t\t<div class=\"elementor-widget-container\">\n\t\t\t\t\t\t\t<div class=\"elementor-icon-box-wrapper\">\n\n\t\t\t\t\t\t<div class=\"elementor-icon-box-icon\">\n\t\t\t\t<a href=\"https:\/\/www.google.com\/maps?ll=42.192993,-4.290788&#038;z=18&#038;t=m&#038;hl=es&#038;gl=US&#038;mapclient=embed&#038;q=C.+Anacleto+Orej%C3%B3n+34450+Astudillo+Palencia\" class=\"elementor-icon\" tabindex=\"-1\" aria-label=\"C\/ Anacleto Orej\u00edn 11A (Palencia)\">\n\t\t\t\t<svg aria-hidden=\"true\" class=\"e-font-icon-svg e-fas-map-marker-alt\" viewBox=\"0 0 384 512\" xmlns=\"http:\/\/www.w3.org\/2000\/svg\"><path d=\"M172.268 501.67C26.97 291.031 0 269.413 0 192 0 85.961 85.961 0 192 0s192 85.961 192 192c0 77.413-26.97 99.031-172.268 309.67-9.535 13.774-29.93 13.773-39.464 0zM192 272c44.183 0 80-35.817 80-80s-35.817-80-80-80-80 35.817-80 80 35.817 80 80 80z\"><\/path><\/svg>\t\t\t\t<\/a>\n\t\t\t<\/div>\n\t\t\t\n\t\t\t\t\t\t<div class=\"elementor-icon-box-content\">\n\n\t\t\t\t\t\t\t\t\t<h2 class=\"elementor-icon-box-title\">\n\t\t\t\t\t\t<a href=\"https:\/\/www.google.com\/maps?ll=42.192993,-4.290788&#038;z=18&#038;t=m&#038;hl=es&#038;gl=US&#038;mapclient=embed&#038;q=C.+Anacleto+Orej%C3%B3n+34450+Astudillo+Palencia\" >\n\t\t\t\t\t\t\tC\/ Anacleto Orej\u00edn 11A (Palencia)\t\t\t\t\t\t<\/a>\n\t\t\t\t\t<\/h2>\n\t\t\t\t\n\t\t\t\t\n\t\t\t<\/div>\n\t\t\t\n\t\t<\/div>\n\t\t\t\t\t\t<\/div>\n\t\t\t\t<\/div>\n\t\t\t\t<\/div>\n\t\t\t\t\t<\/div>\n\t\t\t\t<\/div>\n\t\t\t\t<\/div>\n\t\t","protected":false},"excerpt":{"rendered":"<p>Contacto Ubicaci\u00f3n Formulario de Contacto info@aislamientossebito.com vrsebito@hotmail.es 650 494 114 C\/ Anacleto Orej\u00edn 11A (Palencia)<\/p>","protected":false},"author":1,"featured_media":0,"parent":0,"menu_order":0,"comment_status":"closed","ping_status":"closed","template":"","meta":{"_joinchat":[],"footnotes":""},"class_list":["post-17","page","type-page","status-publish","hentry"],"yoast_head":"<!-- This site is optimized with the Yoast SEO plugin v27.4 - https:\/\/yoast.com\/product\/yoast-seo-wordpress\/ -->\n<title>Contacto | Aislamientos Sebito - Palencia<\/title>\n<meta name=\"description\" content=\"\u00bfTienes dudas o necesitas m\u00e1s informaci\u00f3n sobre nuestros servicios de aislamiento t\u00e9rmico y ac\u00fastico en Palencia? Cont\u00e1ctanos hoy mismo.\" \/>\n<meta name=\"robots\" content=\"index, follow, max-snippet:-1, max-image-preview:large, max-video-preview:-1\" \/>\n<link rel=\"canonical\" href=\"https:\/\/aislamientossebito.com\/en\/contacto-aislamientos-palencia\/\" \/>\n<meta property=\"og:locale\" content=\"en_GB\" \/>\n<meta property=\"og:type\" content=\"article\" \/>\n<meta property=\"og:title\" content=\"Contacto | Aislamientos Sebito - Palencia\" \/>\n<meta property=\"og:description\" content=\"\u00bfTienes dudas o necesitas m\u00e1s informaci\u00f3n sobre nuestros servicios de aislamiento t\u00e9rmico y ac\u00fastico en Palencia? Cont\u00e1ctanos hoy mismo.\" \/>\n<meta property=\"og:url\" content=\"https:\/\/aislamientossebito.com\/en\/contacto-aislamientos-palencia\/\" \/>\n<meta property=\"og:site_name\" content=\"Aislamientos Eusebio\" \/>\n<meta property=\"article:modified_time\" content=\"2025-11-10T11:33:40+00:00\" \/>\n<meta name=\"twitter:card\" content=\"summary_large_image\" \/>\n<meta name=\"twitter:label1\" content=\"Estimated reading time\" \/>\n\t<meta name=\"twitter:data1\" content=\"1 minute\" \/>\n<script type=\"application\/ld+json\" class=\"yoast-schema-graph\">{\"@context\":\"https:\\\/\\\/schema.org\",\"@graph\":[{\"@type\":\"WebPage\",\"@id\":\"https:\\\/\\\/aislamientossebito.com\\\/contacto-aislamientos-palencia\\\/\",\"url\":\"https:\\\/\\\/aislamientossebito.com\\\/contacto-aislamientos-palencia\\\/\",\"name\":\"Contacto | Aislamientos Sebito - Palencia\",\"isPartOf\":{\"@id\":\"https:\\\/\\\/aislamientossebito.com\\\/#website\"},\"datePublished\":\"2025-03-05T11:25:10+00:00\",\"dateModified\":\"2025-11-10T11:33:40+00:00\",\"description\":\"\u00bfTienes dudas o necesitas m\u00e1s informaci\u00f3n sobre nuestros servicios de aislamiento t\u00e9rmico y ac\u00fastico en Palencia? Cont\u00e1ctanos hoy mismo.\",\"breadcrumb\":{\"@id\":\"https:\\\/\\\/aislamientossebito.com\\\/contacto-aislamientos-palencia\\\/#breadcrumb\"},\"inLanguage\":\"en-GB\",\"potentialAction\":[{\"@type\":\"ReadAction\",\"target\":[\"https:\\\/\\\/aislamientossebito.com\\\/contacto-aislamientos-palencia\\\/\"]}]},{\"@type\":\"BreadcrumbList\",\"@id\":\"https:\\\/\\\/aislamientossebito.com\\\/contacto-aislamientos-palencia\\\/#breadcrumb\",\"itemListElement\":[{\"@type\":\"ListItem\",\"position\":1,\"name\":\"Portada\",\"item\":\"https:\\\/\\\/aislamientossebito.com\\\/\"},{\"@type\":\"ListItem\",\"position\":2,\"name\":\"Contacto\"}]},{\"@type\":\"WebSite\",\"@id\":\"https:\\\/\\\/aislamientossebito.com\\\/#website\",\"url\":\"https:\\\/\\\/aislamientossebito.com\\\/\",\"name\":\"Aislamientos Eusebio\",\"description\":\"Aislamientos y Decoraci\u00f3n\",\"publisher\":{\"@id\":\"https:\\\/\\\/aislamientossebito.com\\\/#organization\"},\"potentialAction\":[{\"@type\":\"SearchAction\",\"target\":{\"@type\":\"EntryPoint\",\"urlTemplate\":\"https:\\\/\\\/aislamientossebito.com\\\/?s={search_term_string}\"},\"query-input\":{\"@type\":\"PropertyValueSpecification\",\"valueRequired\":true,\"valueName\":\"search_term_string\"}}],\"inLanguage\":\"en-GB\"},{\"@type\":\"Organization\",\"@id\":\"https:\\\/\\\/aislamientossebito.com\\\/#organization\",\"name\":\"Aislamientos Eusebio\",\"url\":\"https:\\\/\\\/aislamientossebito.com\\\/\",\"logo\":{\"@type\":\"ImageObject\",\"inLanguage\":\"en-GB\",\"@id\":\"https:\\\/\\\/aislamientossebito.com\\\/#\\\/schema\\\/logo\\\/image\\\/\",\"url\":\"https:\\\/\\\/aislamientossebito.com\\\/wp-content\\\/uploads\\\/2025\\\/03\\\/sebito-logo-horizontal-e1741175197916.png\",\"contentUrl\":\"https:\\\/\\\/aislamientossebito.com\\\/wp-content\\\/uploads\\\/2025\\\/03\\\/sebito-logo-horizontal-e1741175197916.png\",\"width\":780,\"height\":260,\"caption\":\"Aislamientos Eusebio\"},\"image\":{\"@id\":\"https:\\\/\\\/aislamientossebito.com\\\/#\\\/schema\\\/logo\\\/image\\\/\"}}]}<\/script>\n<!-- \/ Yoast SEO plugin. -->","yoast_head_json":{"title":"Contacto | Aislamientos Sebito - Palencia","description":"\u00bfTienes dudas o necesitas m\u00e1s informaci\u00f3n sobre nuestros servicios de aislamiento t\u00e9rmico y ac\u00fastico en Palencia? Cont\u00e1ctanos hoy mismo.","robots":{"index":"index","follow":"follow","max-snippet":"max-snippet:-1","max-image-preview":"max-image-preview:large","max-video-preview":"max-video-preview:-1"},"canonical":"https:\/\/aislamientossebito.com\/en\/contacto-aislamientos-palencia\/","og_locale":"en_GB","og_type":"article","og_title":"Contacto | Aislamientos Sebito - Palencia","og_description":"\u00bfTienes dudas o necesitas m\u00e1s informaci\u00f3n sobre nuestros servicios de aislamiento t\u00e9rmico y ac\u00fastico en Palencia? Cont\u00e1ctanos hoy mismo.","og_url":"https:\/\/aislamientossebito.com\/en\/contacto-aislamientos-palencia\/","og_site_name":"Aislamientos Eusebio","article_modified_time":"2025-11-10T11:33:40+00:00","twitter_card":"summary_large_image","twitter_misc":{"Estimated reading time":"1 minute"},"schema":{"@context":"https:\/\/schema.org","@graph":[{"@type":"WebPage","@id":"https:\/\/aislamientossebito.com\/contacto-aislamientos-palencia\/","url":"https:\/\/aislamientossebito.com\/contacto-aislamientos-palencia\/","name":"Contacto | Aislamientos Sebito - Palencia","isPartOf":{"@id":"https:\/\/aislamientossebito.com\/#website"},"datePublished":"2025-03-05T11:25:10+00:00","dateModified":"2025-11-10T11:33:40+00:00","description":"\u00bfTienes dudas o necesitas m\u00e1s informaci\u00f3n sobre nuestros servicios de aislamiento t\u00e9rmico y ac\u00fastico en Palencia? Cont\u00e1ctanos hoy mismo.","breadcrumb":{"@id":"https:\/\/aislamientossebito.com\/contacto-aislamientos-palencia\/#breadcrumb"},"inLanguage":"en-GB","potentialAction":[{"@type":"ReadAction","target":["https:\/\/aislamientossebito.com\/contacto-aislamientos-palencia\/"]}]},{"@type":"BreadcrumbList","@id":"https:\/\/aislamientossebito.com\/contacto-aislamientos-palencia\/#breadcrumb","itemListElement":[{"@type":"ListItem","position":1,"name":"Portada","item":"https:\/\/aislamientossebito.com\/"},{"@type":"ListItem","position":2,"name":"Contacto"}]},{"@type":"WebSite","@id":"https:\/\/aislamientossebito.com\/#website","url":"https:\/\/aislamientossebito.com\/","name":"Aislamientos Eusebio","description":"Insulation and Decoration","publisher":{"@id":"https:\/\/aislamientossebito.com\/#organization"},"potentialAction":[{"@type":"SearchAction","target":{"@type":"EntryPoint","urlTemplate":"https:\/\/aislamientossebito.com\/?s={search_term_string}"},"query-input":{"@type":"PropertyValueSpecification","valueRequired":true,"valueName":"search_term_string"}}],"inLanguage":"en-GB"},{"@type":"Organization","@id":"https:\/\/aislamientossebito.com\/#organization","name":"Aislamientos Eusebio","url":"https:\/\/aislamientossebito.com\/","logo":{"@type":"ImageObject","inLanguage":"en-GB","@id":"https:\/\/aislamientossebito.com\/#\/schema\/logo\/image\/","url":"https:\/\/aislamientossebito.com\/wp-content\/uploads\/2025\/03\/sebito-logo-horizontal-e1741175197916.png","contentUrl":"https:\/\/aislamientossebito.com\/wp-content\/uploads\/2025\/03\/sebito-logo-horizontal-e1741175197916.png","width":780,"height":260,"caption":"Aislamientos Eusebio"},"image":{"@id":"https:\/\/aislamientossebito.com\/#\/schema\/logo\/image\/"}}]}},"_links":{"self":[{"href":"https:\/\/aislamientossebito.com\/en\/wp-json\/wp\/v2\/pages\/17","targetHints":{"allow":["GET"]}}],"collection":[{"href":"https:\/\/aislamientossebito.com\/en\/wp-json\/wp\/v2\/pages"}],"about":[{"href":"https:\/\/aislamientossebito.com\/en\/wp-json\/wp\/v2\/types\/page"}],"author":[{"embeddable":true,"href":"https:\/\/aislamientossebito.com\/en\/wp-json\/wp\/v2\/users\/1"}],"replies":[{"embeddable":true,"href":"https:\/\/aislamientossebito.com\/en\/wp-json\/wp\/v2\/comments?post=17"}],"version-history":[{"count":2,"href":"https:\/\/aislamientossebito.com\/en\/wp-json\/wp\/v2\/pages\/17\/revisions"}],"predecessor-version":[{"id":329,"href":"https:\/\/aislamientossebito.com\/en\/wp-json\/wp\/v2\/pages\/17\/revisions\/329"}],"wp:attachment":[{"href":"https:\/\/aislamientossebito.com\/en\/wp-json\/wp\/v2\/media?parent=17"}],"curies":[{"name":"wp","href":"https:\/\/api.w.org\/{rel}","templated":true}]}}