{"id":15,"date":"2025-03-05T11:25:02","date_gmt":"2025-03-05T11:25:02","guid":{"rendered":"https:\/\/aislamientossebito.com\/?page_id=15"},"modified":"2025-11-10T11:21:57","modified_gmt":"2025-11-10T11:21:57","slug":"proyectos","status":"publish","type":"page","link":"https:\/\/aislamientossebito.com\/en\/proyectos\/","title":{"rendered":"Projects"},"content":{"rendered":"<div data-elementor-type=\"wp-page\" data-elementor-id=\"15\" class=\"elementor elementor-15\" data-elementor-post-type=\"page\">\n\t\t\t\t<div class=\"elementor-element elementor-element-1d632bc e-flex e-con-boxed e-con e-parent\" data-id=\"1d632bc\" data-element_type=\"container\" data-settings=\"{&quot;background_background&quot;:&quot;classic&quot;}\">\n\t\t\t\t\t<div class=\"e-con-inner\">\n\t\t\t\t<div class=\"elementor-element elementor-element-0a33fae elementor-invisible elementor-widget elementor-widget-heading\" data-id=\"0a33fae\" data-element_type=\"widget\" data-settings=\"{&quot;_animation&quot;:&quot;zoomIn&quot;}\" data-widget_type=\"heading.default\">\n\t\t\t\t<div class=\"elementor-widget-container\">\n\t\t\t\t\t<h2 class=\"elementor-heading-title elementor-size-default\">Projects<\/h2>\t\t\t\t<\/div>\n\t\t\t\t<\/div>\n\t\t\t\t\t<\/div>\n\t\t\t\t<\/div>\n\t\t<div class=\"elementor-element elementor-element-fb6f198 e-flex e-con-boxed e-con e-parent\" data-id=\"fb6f198\" data-element_type=\"container\" data-settings=\"{&quot;background_background&quot;:&quot;classic&quot;}\">\n\t\t\t\t\t<div class=\"e-con-inner\">\n\t\t\t\t<div class=\"elementor-element elementor-element-4631c9a elementor-widget elementor-widget-text-editor\" data-id=\"4631c9a\" data-element_type=\"widget\" data-widget_type=\"text-editor.default\">\n\t\t\t\t<div class=\"elementor-widget-container\">\n\t\t\t\t\t\t\t\t\t<p>Works of <strong>isolation<\/strong> and <strong>decoration<\/strong> in the province of <strong>Palencia<\/strong><\/p>\t\t\t\t\t\t\t\t<\/div>\n\t\t\t\t<\/div>\n\t\t\t\t\t<\/div>\n\t\t\t\t<\/div>\n\t\t<div class=\"elementor-element elementor-element-fa5626f e-flex e-con-boxed e-con e-parent\" data-id=\"fa5626f\" data-element_type=\"container\">\n\t\t\t\t\t<div class=\"e-con-inner\">\n\t\t\t\t<div class=\"elementor-element elementor-element-69e804f elementor-widget elementor-widget-gallery\" data-id=\"69e804f\" data-element_type=\"widget\" data-settings=\"{&quot;columns&quot;:3,&quot;lazyload&quot;:&quot;yes&quot;,&quot;gallery_layout&quot;:&quot;grid&quot;,&quot;columns_tablet&quot;:2,&quot;columns_mobile&quot;:1,&quot;gap&quot;:{&quot;unit&quot;:&quot;px&quot;,&quot;size&quot;:10,&quot;sizes&quot;:[]},&quot;gap_tablet&quot;:{&quot;unit&quot;:&quot;px&quot;,&quot;size&quot;:10,&quot;sizes&quot;:[]},&quot;gap_mobile&quot;:{&quot;unit&quot;:&quot;px&quot;,&quot;size&quot;:10,&quot;sizes&quot;:[]},&quot;link_to&quot;:&quot;file&quot;,&quot;aspect_ratio&quot;:&quot;3:2&quot;,&quot;overlay_background&quot;:&quot;yes&quot;,&quot;content_hover_animation&quot;:&quot;fade-in&quot;}\" data-widget_type=\"gallery.default\">\n\t\t\t\t<div class=\"elementor-widget-container\">\n\t\t\t\t\t\t\t<div class=\"elementor-gallery__container\">\n\t\t\t\t\t\t\t<a class=\"e-gallery-item elementor-gallery-item elementor-animated-content\" href=\"https:\/\/aislamientossebito.com\/wp-content\/uploads\/2025\/03\/despues-1.jpg\" data-elementor-open-lightbox=\"yes\" data-elementor-lightbox-slideshow=\"69e804f\" data-e-action-hash=\"#elementor-action%3Aaction%3Dlightbox%26settings%3DeyJpZCI6MTgzLCJ1cmwiOiJodHRwczpcL1wvYWlzbGFtaWVudG9zc2ViaXRvLmNvbVwvd3AtY29udGVudFwvdXBsb2Fkc1wvMjAyNVwvMDNcL2Rlc3B1ZXMtMS5qcGciLCJzbGlkZXNob3ciOiI2OWU4MDRmIn0%3D\">\n\t\t\t\t\t<div class=\"e-gallery-image elementor-gallery-item__image\" data-thumbnail=\"https:\/\/aislamientossebito.com\/wp-content\/uploads\/2025\/03\/despues-1-768x768.jpg\" data-width=\"768\" data-height=\"768\" aria-label=\"Projects\" role=\"img\" ><\/div>\n\t\t\t\t\t\t\t\t\t\t\t<div class=\"elementor-gallery-item__overlay\"><\/div>\n\t\t\t\t\t\t\t\t\t\t\t\t\t\t<\/a>\n\t\t\t\t\t\t\t<a class=\"e-gallery-item elementor-gallery-item elementor-animated-content\" href=\"https:\/\/aislamientossebito.com\/wp-content\/uploads\/2025\/03\/antes2.jpg\" data-elementor-open-lightbox=\"yes\" data-elementor-lightbox-slideshow=\"69e804f\" data-e-action-hash=\"#elementor-action%3Aaction%3Dlightbox%26settings%3DeyJpZCI6MTgyLCJ1cmwiOiJodHRwczpcL1wvYWlzbGFtaWVudG9zc2ViaXRvLmNvbVwvd3AtY29udGVudFwvdXBsb2Fkc1wvMjAyNVwvMDNcL2FudGVzMi5qcGciLCJzbGlkZXNob3ciOiI2OWU4MDRmIn0%3D\">\n\t\t\t\t\t<div class=\"e-gallery-image elementor-gallery-item__image\" data-thumbnail=\"https:\/\/aislamientossebito.com\/wp-content\/uploads\/2025\/03\/antes2-768x768.jpg\" data-width=\"768\" data-height=\"768\" aria-label=\"Projects\" role=\"img\" ><\/div>\n\t\t\t\t\t\t\t\t\t\t\t<div class=\"elementor-gallery-item__overlay\"><\/div>\n\t\t\t\t\t\t\t\t\t\t\t\t\t\t<\/a>\n\t\t\t\t\t\t\t<a class=\"e-gallery-item elementor-gallery-item elementor-animated-content\" href=\"https:\/\/aislamientossebito.com\/wp-content\/uploads\/2025\/03\/Captura-de-pantalla-2025-01-14-160902-1.png\" data-elementor-open-lightbox=\"yes\" data-elementor-lightbox-slideshow=\"69e804f\" data-e-action-hash=\"#elementor-action%3Aaction%3Dlightbox%26settings%3DeyJpZCI6MTgxLCJ1cmwiOiJodHRwczpcL1wvYWlzbGFtaWVudG9zc2ViaXRvLmNvbVwvd3AtY29udGVudFwvdXBsb2Fkc1wvMjAyNVwvMDNcL0NhcHR1cmEtZGUtcGFudGFsbGEtMjAyNS0wMS0xNC0xNjA5MDItMS5wbmciLCJzbGlkZXNob3ciOiI2OWU4MDRmIn0%3D\">\n\t\t\t\t\t<div class=\"e-gallery-image elementor-gallery-item__image\" data-thumbnail=\"https:\/\/aislamientossebito.com\/wp-content\/uploads\/2025\/03\/Captura-de-pantalla-2025-01-14-160902-1.png\" data-width=\"749\" data-height=\"1088\" aria-label=\"Projects\" role=\"img\" ><\/div>\n\t\t\t\t\t\t\t\t\t\t\t<div class=\"elementor-gallery-item__overlay\"><\/div>\n\t\t\t\t\t\t\t\t\t\t\t\t\t\t<\/a>\n\t\t\t\t\t\t\t<a class=\"e-gallery-item elementor-gallery-item elementor-animated-content\" href=\"https:\/\/aislamientossebito.com\/wp-content\/uploads\/2025\/03\/techo-1.jpg\" data-elementor-open-lightbox=\"yes\" data-elementor-lightbox-slideshow=\"69e804f\" data-e-action-hash=\"#elementor-action%3Aaction%3Dlightbox%26settings%3DeyJpZCI6MTgwLCJ1cmwiOiJodHRwczpcL1wvYWlzbGFtaWVudG9zc2ViaXRvLmNvbVwvd3AtY29udGVudFwvdXBsb2Fkc1wvMjAyNVwvMDNcL3RlY2hvLTEuanBnIiwic2xpZGVzaG93IjoiNjllODA0ZiJ9\">\n\t\t\t\t\t<div class=\"e-gallery-image elementor-gallery-item__image\" data-thumbnail=\"https:\/\/aislamientossebito.com\/wp-content\/uploads\/2025\/03\/techo-1-768x768.jpg\" data-width=\"768\" data-height=\"768\" aria-label=\"Projects\" role=\"img\" ><\/div>\n\t\t\t\t\t\t\t\t\t\t\t<div class=\"elementor-gallery-item__overlay\"><\/div>\n\t\t\t\t\t\t\t\t\t\t\t\t\t\t<\/a>\n\t\t\t\t\t\t\t<a class=\"e-gallery-item elementor-gallery-item elementor-animated-content\" href=\"https:\/\/aislamientossebito.com\/wp-content\/uploads\/2025\/03\/SATE.jpg\" data-elementor-open-lightbox=\"yes\" data-elementor-lightbox-slideshow=\"69e804f\" data-e-action-hash=\"#elementor-action%3Aaction%3Dlightbox%26settings%3DeyJpZCI6MTc5LCJ1cmwiOiJodHRwczpcL1wvYWlzbGFtaWVudG9zc2ViaXRvLmNvbVwvd3AtY29udGVudFwvdXBsb2Fkc1wvMjAyNVwvMDNcL1NBVEUuanBnIiwic2xpZGVzaG93IjoiNjllODA0ZiJ9\">\n\t\t\t\t\t<div class=\"e-gallery-image elementor-gallery-item__image\" data-thumbnail=\"https:\/\/aislamientossebito.com\/wp-content\/uploads\/2025\/03\/SATE-768x768.jpg\" data-width=\"768\" data-height=\"768\" aria-label=\"Projects\" role=\"img\" ><\/div>\n\t\t\t\t\t\t\t\t\t\t\t<div class=\"elementor-gallery-item__overlay\"><\/div>\n\t\t\t\t\t\t\t\t\t\t\t\t\t\t<\/a>\n\t\t\t\t\t\t\t<a class=\"e-gallery-item elementor-gallery-item elementor-animated-content\" href=\"https:\/\/aislamientossebito.com\/wp-content\/uploads\/2025\/03\/fachadaamarilla.jpg\" data-elementor-open-lightbox=\"yes\" data-elementor-lightbox-slideshow=\"69e804f\" data-e-action-hash=\"#elementor-action%3Aaction%3Dlightbox%26settings%3DeyJpZCI6MTc4LCJ1cmwiOiJodHRwczpcL1wvYWlzbGFtaWVudG9zc2ViaXRvLmNvbVwvd3AtY29udGVudFwvdXBsb2Fkc1wvMjAyNVwvMDNcL2ZhY2hhZGFhbWFyaWxsYS5qcGciLCJzbGlkZXNob3ciOiI2OWU4MDRmIn0%3D\">\n\t\t\t\t\t<div class=\"e-gallery-image elementor-gallery-item__image\" data-thumbnail=\"https:\/\/aislamientossebito.com\/wp-content\/uploads\/2025\/03\/fachadaamarilla-768x1024.jpg\" data-width=\"768\" data-height=\"1024\" aria-label=\"Projects\" role=\"img\" ><\/div>\n\t\t\t\t\t\t\t\t\t\t\t<div class=\"elementor-gallery-item__overlay\"><\/div>\n\t\t\t\t\t\t\t\t\t\t\t\t\t\t<\/a>\n\t\t\t\t\t\t\t<a class=\"e-gallery-item elementor-gallery-item elementor-animated-content\" href=\"https:\/\/aislamientossebito.com\/wp-content\/uploads\/2025\/03\/4.jpg\" data-elementor-open-lightbox=\"yes\" data-elementor-lightbox-slideshow=\"69e804f\" data-e-action-hash=\"#elementor-action%3Aaction%3Dlightbox%26settings%3DeyJpZCI6MTc3LCJ1cmwiOiJodHRwczpcL1wvYWlzbGFtaWVudG9zc2ViaXRvLmNvbVwvd3AtY29udGVudFwvdXBsb2Fkc1wvMjAyNVwvMDNcLzQuanBnIiwic2xpZGVzaG93IjoiNjllODA0ZiJ9\">\n\t\t\t\t\t<div class=\"e-gallery-image elementor-gallery-item__image\" data-thumbnail=\"https:\/\/aislamientossebito.com\/wp-content\/uploads\/2025\/03\/4-768x576.jpg\" data-width=\"768\" data-height=\"576\" aria-label=\"Projects\" role=\"img\" ><\/div>\n\t\t\t\t\t\t\t\t\t\t\t<div class=\"elementor-gallery-item__overlay\"><\/div>\n\t\t\t\t\t\t\t\t\t\t\t\t\t\t<\/a>\n\t\t\t\t\t\t\t<a class=\"e-gallery-item elementor-gallery-item elementor-animated-content\" href=\"https:\/\/aislamientossebito.com\/wp-content\/uploads\/2025\/03\/techo2-1.jpg\" data-elementor-open-lightbox=\"yes\" data-elementor-lightbox-slideshow=\"69e804f\" data-e-action-hash=\"#elementor-action%3Aaction%3Dlightbox%26settings%3DeyJpZCI6MTc2LCJ1cmwiOiJodHRwczpcL1wvYWlzbGFtaWVudG9zc2ViaXRvLmNvbVwvd3AtY29udGVudFwvdXBsb2Fkc1wvMjAyNVwvMDNcL3RlY2hvMi0xLmpwZyIsInNsaWRlc2hvdyI6IjY5ZTgwNGYifQ%3D%3D\">\n\t\t\t\t\t<div class=\"e-gallery-image elementor-gallery-item__image\" data-thumbnail=\"https:\/\/aislamientossebito.com\/wp-content\/uploads\/2025\/03\/techo2-1-768x768.jpg\" data-width=\"768\" data-height=\"768\" aria-label=\"Projects\" role=\"img\" ><\/div>\n\t\t\t\t\t\t\t\t\t\t\t<div class=\"elementor-gallery-item__overlay\"><\/div>\n\t\t\t\t\t\t\t\t\t\t\t\t\t\t<\/a>\n\t\t\t\t\t\t\t<a class=\"e-gallery-item elementor-gallery-item elementor-animated-content\" href=\"https:\/\/aislamientossebito.com\/wp-content\/uploads\/2025\/03\/1.jpg\" data-elementor-open-lightbox=\"yes\" data-elementor-lightbox-slideshow=\"69e804f\" data-e-action-hash=\"#elementor-action%3Aaction%3Dlightbox%26settings%3DeyJpZCI6MTc1LCJ1cmwiOiJodHRwczpcL1wvYWlzbGFtaWVudG9zc2ViaXRvLmNvbVwvd3AtY29udGVudFwvdXBsb2Fkc1wvMjAyNVwvMDNcLzEuanBnIiwic2xpZGVzaG93IjoiNjllODA0ZiJ9\">\n\t\t\t\t\t<div class=\"e-gallery-image elementor-gallery-item__image\" data-thumbnail=\"https:\/\/aislamientossebito.com\/wp-content\/uploads\/2025\/03\/1-768x576.jpg\" data-width=\"768\" data-height=\"576\" aria-label=\"Projects\" role=\"img\" ><\/div>\n\t\t\t\t\t\t\t\t\t\t\t<div class=\"elementor-gallery-item__overlay\"><\/div>\n\t\t\t\t\t\t\t\t\t\t\t\t\t\t<\/a>\n\t\t\t\t\t<\/div>\n\t\t\t\t\t<\/div>\n\t\t\t\t<\/div>\n\t\t\t\t\t<\/div>\n\t\t\t\t<\/div>\n\t\t<div class=\"elementor-element elementor-element-a8e9d4a e-flex e-con-boxed e-con e-parent\" data-id=\"a8e9d4a\" data-element_type=\"container\" data-settings=\"{&quot;background_background&quot;:&quot;classic&quot;}\">\n\t\t\t\t\t<div class=\"e-con-inner\">\n\t\t\t\t<div class=\"elementor-element elementor-element-56b8459 elementor-invisible elementor-widget elementor-widget-heading\" data-id=\"56b8459\" data-element_type=\"widget\" data-settings=\"{&quot;_animation&quot;:&quot;zoomIn&quot;}\" data-widget_type=\"heading.default\">\n\t\t\t\t<div class=\"elementor-widget-container\">\n\t\t\t\t\t<h2 class=\"elementor-heading-title elementor-size-default\">Contacta con nosotros<\/h2>\t\t\t\t<\/div>\n\t\t\t\t<\/div>\n\t\t<div class=\"elementor-element elementor-element-8c1552e e-con-full e-flex e-con e-child\" data-id=\"8c1552e\" data-element_type=\"container\">\n\t\t\t\t<div class=\"elementor-element elementor-element-6ce6bf6 elementor-widget elementor-widget-button\" data-id=\"6ce6bf6\" data-element_type=\"widget\" data-widget_type=\"button.default\">\n\t\t\t\t<div class=\"elementor-widget-container\">\n\t\t\t\t\t\t\t\t\t<div class=\"elementor-button-wrapper\">\n\t\t\t\t\t<a class=\"elementor-button elementor-button-link elementor-size-sm\" href=\"https:\/\/api.whatsapp.com\/send\/?phone=34650494114&#038;text&#038;type=phone_number&#038;app_absent=0\">\n\t\t\t\t\t\t<span class=\"elementor-button-content-wrapper\">\n\t\t\t\t\t\t<span class=\"elementor-button-icon\">\n\t\t\t\t<svg aria-hidden=\"true\" class=\"e-font-icon-svg e-fab-whatsapp\" viewbox=\"0 0 448 512\" xmlns=\"http:\/\/www.w3.org\/2000\/svg\"><path d=\"M380.9 97.1C339 55.1 283.2 32 223.9 32c-122.4 0-222 99.6-222 222 0 39.1 10.2 77.3 29.6 111L0 480l117.7-30.9c32.4 17.7 68.9 27 106.1 27h.1c122.3 0 224.1-99.6 224.1-222 0-59.3-25.2-115-67.1-157zm-157 341.6c-33.2 0-65.7-8.9-94-25.7l-6.7-4-69.8 18.3L72 359.2l-4.4-7c-18.5-29.4-28.2-63.3-28.2-98.2 0-101.7 82.8-184.5 184.6-184.5 49.3 0 95.6 19.2 130.4 54.1 34.8 34.9 56.2 81.2 56.1 130.5 0 101.8-84.9 184.6-186.6 184.6zm101.2-138.2c-5.5-2.8-32.8-16.2-37.9-18-5.1-1.9-8.8-2.8-12.5 2.8-3.7 5.6-14.3 18-17.6 21.8-3.2 3.7-6.5 4.2-12 1.4-32.6-16.3-54-29.1-75.5-66-5.7-9.8 5.7-9.1 16.3-30.3 1.8-3.7.9-6.9-.5-9.7-1.4-2.8-12.5-30.1-17.1-41.2-4.5-10.8-9.1-9.3-12.5-9.5-3.2-.2-6.9-.2-10.6-.2-3.7 0-9.7 1.4-14.8 6.9-5.1 5.6-19.4 19-19.4 46.3 0 27.3 19.9 53.7 22.6 57.4 2.8 3.7 39.1 59.7 94.8 83.8 35.2 15.2 49 16.5 66.6 13.9 10.7-1.6 32.8-13.4 37.4-26.4 4.6-13 4.6-24.1 3.2-26.4-1.3-2.5-5-3.9-10.5-6.6z\"><\/path><\/svg>\t\t\t<\/span>\n\t\t\t\t\t\t\t\t\t<span class=\"elementor-button-text\">650 494 114<\/span>\n\t\t\t\t\t<\/span>\n\t\t\t\t\t<\/a>\n\t\t\t\t<\/div>\n\t\t\t\t\t\t\t\t<\/div>\n\t\t\t\t<\/div>\n\t\t\t\t<div class=\"elementor-element elementor-element-79f3893 elementor-widget elementor-widget-button\" data-id=\"79f3893\" data-element_type=\"widget\" data-widget_type=\"button.default\">\n\t\t\t\t<div class=\"elementor-widget-container\">\n\t\t\t\t\t\t\t\t\t<div class=\"elementor-button-wrapper\">\n\t\t\t\t\t<a class=\"elementor-button elementor-button-link elementor-size-sm\" href=\"https:\/\/aislamientossebito.com\/en\/contacto-aislamientos-palencia\/\">\n\t\t\t\t\t\t<span class=\"elementor-button-content-wrapper\">\n\t\t\t\t\t\t\t\t\t<span class=\"elementor-button-text\">Ir al formulario de contacto<\/span>\n\t\t\t\t\t<\/span>\n\t\t\t\t\t<\/a>\n\t\t\t\t<\/div>\n\t\t\t\t\t\t\t\t<\/div>\n\t\t\t\t<\/div>\n\t\t\t\t<\/div>\n\t\t\t\t\t<\/div>\n\t\t\t\t<\/div>\n\t\t\t\t<\/div>","protected":false},"excerpt":{"rendered":"<p>Proyectos Trabajos de aislamiento y decoraci\u00f3n en la provincia de Palencia Contacta con nosotros 650 494 114 Ir al formulario de contacto<\/p>","protected":false},"author":1,"featured_media":0,"parent":0,"menu_order":0,"comment_status":"closed","ping_status":"closed","template":"","meta":{"_joinchat":[],"footnotes":""},"class_list":["post-15","page","type-page","status-publish","hentry"],"yoast_head":"<!-- This site is optimized with the Yoast SEO plugin v27.4 - https:\/\/yoast.com\/product\/yoast-seo-wordpress\/ -->\n<title>Proyectos | Soluciones de Aislamiento en Palencia<\/title>\n<meta name=\"description\" content=\"En Aislamientos Sebito, mostramos nuestros proyectos de aislamiento t\u00e9rmico y ac\u00fastico en Palencia. Conoce c\u00f3mo podemos mejorar tu espacio.\" \/>\n<meta name=\"robots\" content=\"index, follow, max-snippet:-1, max-image-preview:large, max-video-preview:-1\" \/>\n<link rel=\"canonical\" href=\"https:\/\/aislamientossebito.com\/en\/proyectos\/\" \/>\n<meta property=\"og:locale\" content=\"en_GB\" \/>\n<meta property=\"og:type\" content=\"article\" \/>\n<meta property=\"og:title\" content=\"Proyectos | Soluciones de Aislamiento en Palencia\" \/>\n<meta property=\"og:description\" content=\"En Aislamientos Sebito, mostramos nuestros proyectos de aislamiento t\u00e9rmico y ac\u00fastico en Palencia. Conoce c\u00f3mo podemos mejorar tu espacio.\" \/>\n<meta property=\"og:url\" content=\"https:\/\/aislamientossebito.com\/en\/proyectos\/\" \/>\n<meta property=\"og:site_name\" content=\"Aislamientos Eusebio\" \/>\n<meta property=\"article:modified_time\" content=\"2025-11-10T11:21:57+00:00\" \/>\n<meta name=\"twitter:card\" content=\"summary_large_image\" \/>\n<meta name=\"twitter:label1\" content=\"Estimated reading time\" \/>\n\t<meta name=\"twitter:data1\" content=\"1 minute\" \/>\n<script type=\"application\/ld+json\" class=\"yoast-schema-graph\">{\"@context\":\"https:\\\/\\\/schema.org\",\"@graph\":[{\"@type\":\"WebPage\",\"@id\":\"https:\\\/\\\/aislamientossebito.com\\\/proyectos\\\/\",\"url\":\"https:\\\/\\\/aislamientossebito.com\\\/proyectos\\\/\",\"name\":\"Proyectos | Soluciones de Aislamiento en Palencia\",\"isPartOf\":{\"@id\":\"https:\\\/\\\/aislamientossebito.com\\\/#website\"},\"datePublished\":\"2025-03-05T11:25:02+00:00\",\"dateModified\":\"2025-11-10T11:21:57+00:00\",\"description\":\"En Aislamientos Sebito, mostramos nuestros proyectos de aislamiento t\u00e9rmico y ac\u00fastico en Palencia. Conoce c\u00f3mo podemos mejorar tu espacio.\",\"breadcrumb\":{\"@id\":\"https:\\\/\\\/aislamientossebito.com\\\/proyectos\\\/#breadcrumb\"},\"inLanguage\":\"en-GB\",\"potentialAction\":[{\"@type\":\"ReadAction\",\"target\":[\"https:\\\/\\\/aislamientossebito.com\\\/proyectos\\\/\"]}]},{\"@type\":\"BreadcrumbList\",\"@id\":\"https:\\\/\\\/aislamientossebito.com\\\/proyectos\\\/#breadcrumb\",\"itemListElement\":[{\"@type\":\"ListItem\",\"position\":1,\"name\":\"Portada\",\"item\":\"https:\\\/\\\/aislamientossebito.com\\\/\"},{\"@type\":\"ListItem\",\"position\":2,\"name\":\"Proyectos\"}]},{\"@type\":\"WebSite\",\"@id\":\"https:\\\/\\\/aislamientossebito.com\\\/#website\",\"url\":\"https:\\\/\\\/aislamientossebito.com\\\/\",\"name\":\"Aislamientos Eusebio\",\"description\":\"Aislamientos y Decoraci\u00f3n\",\"publisher\":{\"@id\":\"https:\\\/\\\/aislamientossebito.com\\\/#organization\"},\"potentialAction\":[{\"@type\":\"SearchAction\",\"target\":{\"@type\":\"EntryPoint\",\"urlTemplate\":\"https:\\\/\\\/aislamientossebito.com\\\/?s={search_term_string}\"},\"query-input\":{\"@type\":\"PropertyValueSpecification\",\"valueRequired\":true,\"valueName\":\"search_term_string\"}}],\"inLanguage\":\"en-GB\"},{\"@type\":\"Organization\",\"@id\":\"https:\\\/\\\/aislamientossebito.com\\\/#organization\",\"name\":\"Aislamientos Eusebio\",\"url\":\"https:\\\/\\\/aislamientossebito.com\\\/\",\"logo\":{\"@type\":\"ImageObject\",\"inLanguage\":\"en-GB\",\"@id\":\"https:\\\/\\\/aislamientossebito.com\\\/#\\\/schema\\\/logo\\\/image\\\/\",\"url\":\"https:\\\/\\\/aislamientossebito.com\\\/wp-content\\\/uploads\\\/2025\\\/03\\\/sebito-logo-horizontal-e1741175197916.png\",\"contentUrl\":\"https:\\\/\\\/aislamientossebito.com\\\/wp-content\\\/uploads\\\/2025\\\/03\\\/sebito-logo-horizontal-e1741175197916.png\",\"width\":780,\"height\":260,\"caption\":\"Aislamientos Eusebio\"},\"image\":{\"@id\":\"https:\\\/\\\/aislamientossebito.com\\\/#\\\/schema\\\/logo\\\/image\\\/\"}}]}<\/script>\n<!-- \/ Yoast SEO plugin. -->","yoast_head_json":{"title":"Proyectos | Soluciones de Aislamiento en Palencia","description":"En Aislamientos Sebito, mostramos nuestros proyectos de aislamiento t\u00e9rmico y ac\u00fastico en Palencia. Conoce c\u00f3mo podemos mejorar tu espacio.","robots":{"index":"index","follow":"follow","max-snippet":"max-snippet:-1","max-image-preview":"max-image-preview:large","max-video-preview":"max-video-preview:-1"},"canonical":"https:\/\/aislamientossebito.com\/en\/proyectos\/","og_locale":"en_GB","og_type":"article","og_title":"Proyectos | Soluciones de Aislamiento en Palencia","og_description":"En Aislamientos Sebito, mostramos nuestros proyectos de aislamiento t\u00e9rmico y ac\u00fastico en Palencia. Conoce c\u00f3mo podemos mejorar tu espacio.","og_url":"https:\/\/aislamientossebito.com\/en\/proyectos\/","og_site_name":"Aislamientos Eusebio","article_modified_time":"2025-11-10T11:21:57+00:00","twitter_card":"summary_large_image","twitter_misc":{"Estimated reading time":"1 minute"},"schema":{"@context":"https:\/\/schema.org","@graph":[{"@type":"WebPage","@id":"https:\/\/aislamientossebito.com\/proyectos\/","url":"https:\/\/aislamientossebito.com\/proyectos\/","name":"Proyectos | Soluciones de Aislamiento en Palencia","isPartOf":{"@id":"https:\/\/aislamientossebito.com\/#website"},"datePublished":"2025-03-05T11:25:02+00:00","dateModified":"2025-11-10T11:21:57+00:00","description":"En Aislamientos Sebito, mostramos nuestros proyectos de aislamiento t\u00e9rmico y ac\u00fastico en Palencia. Conoce c\u00f3mo podemos mejorar tu espacio.","breadcrumb":{"@id":"https:\/\/aislamientossebito.com\/proyectos\/#breadcrumb"},"inLanguage":"en-GB","potentialAction":[{"@type":"ReadAction","target":["https:\/\/aislamientossebito.com\/proyectos\/"]}]},{"@type":"BreadcrumbList","@id":"https:\/\/aislamientossebito.com\/proyectos\/#breadcrumb","itemListElement":[{"@type":"ListItem","position":1,"name":"Portada","item":"https:\/\/aislamientossebito.com\/"},{"@type":"ListItem","position":2,"name":"Proyectos"}]},{"@type":"WebSite","@id":"https:\/\/aislamientossebito.com\/#website","url":"https:\/\/aislamientossebito.com\/","name":"Aislamientos Eusebio","description":"Insulation and Decoration","publisher":{"@id":"https:\/\/aislamientossebito.com\/#organization"},"potentialAction":[{"@type":"SearchAction","target":{"@type":"EntryPoint","urlTemplate":"https:\/\/aislamientossebito.com\/?s={search_term_string}"},"query-input":{"@type":"PropertyValueSpecification","valueRequired":true,"valueName":"search_term_string"}}],"inLanguage":"en-GB"},{"@type":"Organization","@id":"https:\/\/aislamientossebito.com\/#organization","name":"Aislamientos Eusebio","url":"https:\/\/aislamientossebito.com\/","logo":{"@type":"ImageObject","inLanguage":"en-GB","@id":"https:\/\/aislamientossebito.com\/#\/schema\/logo\/image\/","url":"https:\/\/aislamientossebito.com\/wp-content\/uploads\/2025\/03\/sebito-logo-horizontal-e1741175197916.png","contentUrl":"https:\/\/aislamientossebito.com\/wp-content\/uploads\/2025\/03\/sebito-logo-horizontal-e1741175197916.png","width":780,"height":260,"caption":"Aislamientos Eusebio"},"image":{"@id":"https:\/\/aislamientossebito.com\/#\/schema\/logo\/image\/"}}]}},"_links":{"self":[{"href":"https:\/\/aislamientossebito.com\/en\/wp-json\/wp\/v2\/pages\/15","targetHints":{"allow":["GET"]}}],"collection":[{"href":"https:\/\/aislamientossebito.com\/en\/wp-json\/wp\/v2\/pages"}],"about":[{"href":"https:\/\/aislamientossebito.com\/en\/wp-json\/wp\/v2\/types\/page"}],"author":[{"embeddable":true,"href":"https:\/\/aislamientossebito.com\/en\/wp-json\/wp\/v2\/users\/1"}],"replies":[{"embeddable":true,"href":"https:\/\/aislamientossebito.com\/en\/wp-json\/wp\/v2\/comments?post=15"}],"version-history":[{"count":2,"href":"https:\/\/aislamientossebito.com\/en\/wp-json\/wp\/v2\/pages\/15\/revisions"}],"predecessor-version":[{"id":322,"href":"https:\/\/aislamientossebito.com\/en\/wp-json\/wp\/v2\/pages\/15\/revisions\/322"}],"wp:attachment":[{"href":"https:\/\/aislamientossebito.com\/en\/wp-json\/wp\/v2\/media?parent=15"}],"curies":[{"name":"wp","href":"https:\/\/api.w.org\/{rel}","templated":true}]}}